{"id":1972,"date":"2023-04-19T15:15:32","date_gmt":"2023-04-19T15:15:32","guid":{"rendered":"https:\/\/budtech.eu\/?page_id=1972"},"modified":"2023-04-19T17:58:45","modified_gmt":"2023-04-19T17:58:45","slug":"datenschutzbestimmungen","status":"publish","type":"page","link":"https:\/\/budtech.eu\/index.php\/de\/datenschutzbestimmungen\/","title":{"rendered":"Datenschutzbestimmungen"},"content":{"rendered":"\t\t<div data-elementor-type=\"wp-page\" data-elementor-id=\"1972\" class=\"elementor elementor-1972\">\n\t\t\t\t\t\t\t\t\t<section class=\"elementor-section elementor-top-section elementor-element elementor-element-5ffebce2 elementor-section-boxed elementor-section-height-default elementor-section-height-default\" data-id=\"5ffebce2\" data-element_type=\"section\">\n\t\t\t\t\t\t<div class=\"elementor-container elementor-column-gap-default\">\n\t\t\t\t\t<div class=\"elementor-column elementor-col-100 elementor-top-column elementor-element elementor-element-1dcf4bdb\" data-id=\"1dcf4bdb\" data-element_type=\"column\">\n\t\t\t<div class=\"elementor-widget-wrap elementor-element-populated\">\n\t\t\t\t\t\t\t\t<div class=\"elementor-element elementor-element-356ccf02 elementor-widget elementor-widget-text-editor\" data-id=\"356ccf02\" data-element_type=\"widget\" data-widget_type=\"text-editor.default\">\n\t\t\t\t<div class=\"elementor-widget-container\">\n\t\t\t<style>\/*! elementor - v3.14.0 - 18-06-2023 *\/\n.elementor-widget-text-editor.elementor-drop-cap-view-stacked .elementor-drop-cap{background-color:#69727d;color:#fff}.elementor-widget-text-editor.elementor-drop-cap-view-framed .elementor-drop-cap{color:#69727d;border:3px solid;background-color:transparent}.elementor-widget-text-editor:not(.elementor-drop-cap-view-default) .elementor-drop-cap{margin-top:8px}.elementor-widget-text-editor:not(.elementor-drop-cap-view-default) .elementor-drop-cap-letter{width:1em;height:1em}.elementor-widget-text-editor .elementor-drop-cap{float:left;text-align:center;line-height:1;font-size:50px}.elementor-widget-text-editor .elementor-drop-cap-letter{display:inline-block}<\/style>\t\t\t\t\t\t\t\t\t\t<\/div>\n\t\t\t\t<\/div>\n\t\t\t\t\t<\/div>\n\t\t<\/div>\n\t\t\t\t\t\t\t<\/div>\n\t\t<\/section>\n\t\t<div class=\"elementor-element elementor-element-aefdefe e-flex e-con-boxed e-con\" data-id=\"aefdefe\" data-element_type=\"container\" data-settings=\"{&quot;background_background&quot;:&quot;classic&quot;,&quot;content_width&quot;:&quot;boxed&quot;}\">\n\t\t\t\t\t<div class=\"e-con-inner\">\n\t\t\t\t<div class=\"elementor-element elementor-element-cf6a11d elementor-widget elementor-widget-text-editor\" data-id=\"cf6a11d\" data-element_type=\"widget\" data-widget_type=\"text-editor.default\">\n\t\t\t\t<div class=\"elementor-widget-container\">\n\t\t\t\t\t\t\t<h5 style=\"text-align: left;\"><strong style=\"color: inherit; font-family: inherit; font-size: 1.25rem;\">Datenschutzbestimmungen<\/strong><\/h5>\n<h5 style=\"text-align: left;\"><strong style=\"color: inherit; font-family: inherit; font-size: 1.25rem;\">PRZEDSI\u0118BIORSTWO BUDTECH SP. Z O.O.<\/strong><\/h5>\n<ol>\n<li><strong>RODO &#8211; Verordnung&nbsp;<br><\/strong>In diesem Dokument informieren wir Sie ausf\u00fchrlich \u00fcber den Umgang mit Ihren personenbezogenen Daten. Als f\u00fcr die Verarbeitung Ihrer personenbezogenen Daten Verantwortlicher wenden wir angemessene Regeln und Sicherheitsma\u00dfnahmen gem\u00e4\u00df den Anforderungen des in Polen geltenden Rechts an.\n<p><b>Der f\u00fcr die Verarbeitung Ihrer Daten Verantwortliche ist: <\/b><span style=\"background-color: transparent; color: var( --e-global-color-text ); font-family: var( --e-global-typography-text-font-family ), Sans-serif; font-weight: var( --e-global-typography-text-font-weight ); text-align: var(--text-align);\">&nbsp;<\/span><\/p>\n<div data-id=\"f85b579\" data-element_type=\"widget\" data-widget_type=\"text-editor.default\">\n<div><strong>PRZEDSI\u0118BIORSTWO<\/strong><br><strong>BUDTECH SP. Z O.O.<\/strong><\/div>\n<\/div>\n<div data-id=\"52c5fce\" data-element_type=\"widget\" data-widget_type=\"icon-list.default\">\n<ul>\n<li><a href=\"https:\/\/www.google.com\/maps?ll=50.138943,18.966224&amp;z=10&amp;t=m&amp;hl=pl-PL&amp;gl=US&amp;mapclient=embed&amp;q=Damrota+168+43-100+Tychy\" target=\"_blank\" rel=\"noopener\" data-saferedirecturl=\"https:\/\/www.google.com\/url?q=https:\/\/www.google.com\/maps?ll%3D50.138943,18.966224%26z%3D10%26t%3Dm%26hl%3Dpl-PL%26gl%3DUS%26mapclient%3Dembed%26q%3DDamrota%2B168%2B43-100%2BTychy&amp;source=gmail&amp;ust=1678512524743000&amp;usg=AOvVaw3eFfhja-Bwtzu8fTnzPvjT\"><span style=\"color: #000000;\">ul. Dobra 28, 00-344 Warszawa<\/span><\/a>&nbsp;<\/li>\n<li>Register der Unternehmer, gef\u00fchrt vom Bezirksgericht f\u00fcr die Hauptstadt Warschau in Warschau<\/li>\n<li><span style=\"color: #000000;\">XIII. Handelsabteilung des Landesgerichtsregisters KRS&nbsp; 0000122465<\/span>\n<div><span style=\"color: #000000;\">NIP: 526-021-49-24, REGON 006738681<\/span><\/div>\n<\/li>\n<li>\n<div>\n<p><span style=\"color: #000000;\">Grundkapital von 50.000 z\u0142.<\/span><\/p>\n<p><\/p>\n<\/div>\n<\/li>\n<\/ul>\n<\/div>\n<\/li>\n<li><b>Zugangsdaten und Hosting<br><\/b>Sie k\u00f6nnen unsere Website aufrufen, ohne Angaben zu Ihrer Person zu machen. Wenn Sie unsere Website nutzen, speichert unser Server automatisch bestimmte Informationen wie z.B. Ihren Dateinamen, Ihre IP-Adresse, Datum und Uhrzeit des Zugriffs und Ihren Internet Service Provider (Zugriffsdaten). Diese Informationen werden ausschlie\u00dflich zur Sicherstellung der Funktionsf\u00e4higkeit der Website und zur Verbesserung unseres Angebots sowie zur Wahrung unserer Interessen genutzt. Alle Zugriffsdaten werden nach sieben Tagen gel\u00f6scht. <br>Die Hosting-Dienste werden von einem externen Dienstleister erbracht, den wir mit der Datenverarbeitung betrauen. Alle Daten, die wir auf unserer Website erheben, werden auf den Servern dieses Dienstleisters in \u00dcbereinstimmung mit unserer Datenschutzerkl\u00e4rung gespeichert. Der Dienstleister hat seinen Sitz in einem Land, das der Europ\u00e4ischen Union oder dem Europ\u00e4ischen Wirtschaftsraum angeh\u00f6rt.\n<br><br><\/li>\n<li><strong>Erhebung und Verarbeitung von Daten zur Auftragsabwicklung<br><\/strong>\n<p>Personenbezogene Daten werden von uns nur erhoben, wenn Sie uns diese von sich aus, zum Beispiel zur Durchf\u00fchrung eines Vertrages oder einer Bestellung, einer Kontaktaufnahme per Formular oder E-Mail mitteilen. Einige Felder sind Pflichtfelder, weil wir diese Daten ben\u00f6tigen, um einen Vertrag abzuschlie\u00dfen oder ein Anliegen zu bearbeiten, zu dem Sie uns kontaktiert haben. Ohne diese Daten k\u00f6nnen Sie Ihre Bestellung nicht abschlie\u00dfen oder uns nicht kontaktieren. Die Daten, die wir erheben, h\u00e4ngen von den Formularen ab, in die sie eingegeben werden. Wir verwenden sie, um den Vertrag zu erf\u00fcllen und auf Ihre Anfragen zu antworten. Nach Erf\u00fcllung des Vertrages wird die Verarbeitung der Daten eingeschr\u00e4nkt und nach Ablauf der in den Steuervorschriften und im Rechnungslegungsgesetz festgelegten Aufbewahrungsfristen werden die Daten gel\u00f6scht, es sei denn, Sie stimmen der weiteren Verwendung der Daten ausdr\u00fccklich zu oder wir behalten uns nach geltendem Recht das Recht vor, die Daten weiter zu verwenden, wor\u00fcber wir Sie in einem solchen Fall in dieser Erkl\u00e4rung informieren Dazu senden Sie bitte eine Nachricht an unsere Kontaktadresse, die im Abschnitt &#8222;Unsere Kontaktdaten&#8221; angegeben ist.<\/p>\n<\/li>\n<li><strong>Daten\u00fcbertragung<br><\/strong>\n<p>Um Ihre Bestellung abwickeln zu k\u00f6nnen, geben wir Ihre Daten gegebenenfalls an den Lieferdienst weiter, allerdings nur, wenn dies zur Auslieferung der bestellten Ware erforderlich ist. Je nach gew\u00e4hltem Zahlungsdienstleister geben wir die erhobenen Zahlungsdaten an das mit der Zahlung beauftragte Kreditinstitut und ggf. an den von uns oder von Ihnen gew\u00e4hlten Zahlungsdienstleister weiter. Einige Zahlungsdienstleister erheben die Daten selbst, wenn Sie ein Konto bei ihnen einrichten. In diesem Fall m\u00fcssen Sie sich bei dem Zahlungsdienstleister anmelden, um Ihre Zugangsdaten<br>anzugeben. Wir \u00fcbermitteln Daten nur dann, wenn dies f\u00fcr die Vertragserf\u00fcllung notwendig ist, und einige Zahlungsdienstleister und Kuriere haben ihren Sitz au\u00dferhalb der Europ\u00e4ischen Union. Es gelten dann zus\u00e4tzlich die Datenschutzbestimmungen des jeweiligen Zahlungsdienstleisters.<\/p>\n<p>Wenn Sie Ihre Einwilligung erteilen, geben wir Ihre E-Mail- Adresse und Telefonnummer an das ausgew\u00e4hlte Kurierunternehmen weiter, damit dieses Sie vor der Auslieferung Ihrer Bestellung kontaktieren kann, um die Lieferung zu vereinbaren. Sie k\u00f6nnen Ihre Einwilligung jederzeit widerrufen, indem Sie uns eine entsprechende Nachricht an unsere Kontaktadresse oder direkt an das Kurierunternehmen senden. Wir l\u00f6schen Ihre Daten, es sei denn, Sie willigen ausdr\u00fccklich in die weitere Nutzung Ihrer Daten f\u00fcr andere Zwecke ein oder wir behalten uns die weitere Nutzung Ihrer Daten <br>in gesetzlich zul\u00e4ssigen F\u00e4llen vor.<\/p>\n<\/li>\n<li><strong>E-mail-Newsletter<br><\/strong>Wenn Sie sich f\u00fcr unseren Newsletter anmelden, verwenden wir Ihre personenbezogenen Daten, die Sie uns zur Verf\u00fcgung gestellt haben, auf der Grundlage Ihrer ausdr\u00fccklichen Einwilligung f\u00fcr den regelm\u00e4\u00dfigen Versand unseres Newsletters per E-Mail. Sie k\u00f6nnen den Newsletter jederzeit wieder abbestellen, indem Sie eine entsprechende Nachricht senden oder den Link im Newsletter nutzen. Nach der Abmeldung l\u00f6schen wir Ihre E-Mail-Adresse, es sei denn, Sie willigen in die weitere Datenverarbeitung ein oder Sie behalten sich die Datenverarbeitung nach den gesetzlichen Vorschriften nicht vor. Der Versand des Newsletters erfolgt durch einen Dienstleister, der die Daten in unserem Auftrag verarbeitet und seinen Sitz in einem Land der Europ\u00e4ischen Union oder des Europ\u00e4ischen Wirtschaftsraums hat.\n<br><br><\/li>\n<li><strong>Cookies<br><\/strong>\n<p>Um unsere Website zu verbessern und um sicherzustellen, dass bestimmte Funktionen zur Anzeige relevanter Produkte oder zu Marktforschungszwecken genutzt werden k\u00f6nnen, verwenden wir auf unseren Seiten Cookies. Die Verwendung von Cookies erm\u00f6glicht es uns, die Interessen unserer Nutzer zu analysieren und zu bewerten, was der Wahrung unseres berechtigten Interesses dient, unser Angebot bestm\u00f6glich zu pr\u00e4sentieren. Cookies sind kleine Textdateien, die automatisch auf Ihrem Endger\u00e4t gespeichert werden. Einige von ihnen werden beim Schlie\u00dfen Ihres Browsers gel\u00f6scht (sog. Session-Cookies), andere verbleiben auf Ihrem Endger\u00e4t und erm\u00f6glichen es uns, Ihren Browser beim n\u00e4chsten Besuch unserer Website wiederzuerkennen (persistente Cookies). Wie lange Cookies gespeichert werden, h\u00e4ngt von den Browsereinstellungen des Nutzers ab. Sie k\u00f6nnen Ihren Browser so konfigurieren, dass Sie Informationen \u00fcber die Verwendung von Cookies erhalten und entscheiden k\u00f6nnen, ob Sie diese in bestimmten F\u00e4llen oder vollst\u00e4ndig akzeptieren oder ablehnen m\u00f6chten. Informationen dar\u00fcber, wie Sie Ihre Cookie-Einstellungen \u00e4ndern k\u00f6nnen, finden Sie im Hilfemen\u00fc Ihres Browsers. Wenn Sie mit der Verwendung von Cookies nicht einverstanden sind, kann die Funktionalit\u00e4t unserer Website eingeschr\u00e4nkt sein.<\/p>\n<\/li>\n<li><strong>Werbung mit Hilfe von E-Marketing-Tools<\/strong>\n<p>Google AdWords Remarketing ist ein von Google LLC angebotener Dienst, der es erm\u00f6glicht, dass eine Website in den Suchergebnissen und auf Websites Dritter beworben wird. Beim Besuch der Website wird automatisch ein Remarketing-Cookie auf dem Ger\u00e4t des Besuchers hinterlassen, das die Anzeige von interessenbezogener Werbung anhand einer pseudonymen Kennung (ID) und auf der Grundlage der besuchten Seiten erm\u00f6glicht.<br>Die Verarbeitung der Daten im Rahmen dieses Dienstes dient der Wahrung des berechtigten Interesses des Unternehmens an der Optimierung der Marktleistung seiner Website. Eine zus\u00e4tzliche Datenverarbeitung findet nur statt, wenn Sie zugestimmt haben, dass Google Ihren Browserverlauf und Ihre Anwendungsnutzung mit Ihrem Google-Konto verkn\u00fcpft und diese Informationen zur Personalisierung der auf den Websites angezeigten Anzeigen verwendet.<br>Der Dienst Google AdWords Remarketing wird von der Google LLC angeboten, die durch das EU-US-Privacy Shield zertifiziert ist, was ein angemessenes Datenschutzniveau best\u00e4tigt. Der Nutzer hat die M\u00f6glichkeit, die f\u00fcr das Remarketing verwendeten Cookies zu deaktivieren und weitere Informationen \u00fcber die Verwendung von Cookies und die entsprechenden Einstellungen auf der Website der Digital Advertising Alliance zu erhalten.<\/p>\n<\/li>\n<li><strong>Plug-ins f\u00fcr soziale Netzwerke<br><\/strong>Unsere Website verwendet sogenannte Social Plug-ins wie Facebook, Google, Twitter und Instagram. Wenn die Seite, die das Plug-in enth\u00e4lt, angezeigt wird, baut der Browser eine direkte Verbindung mit den Servern dieser Dienstanbieter auf. Das Plug-in wird dann direkt an den Browser des Nutzers \u00fcbermittelt und in die Website eingebunden. Auf diese Weise erhalten die Diensteanbieter die Information, dass der Browser die Seite aufgerufen hat, auch wenn der Nutzer kein Profil besitzt oder nicht bei dem jeweiligen sozialen Netzwerk eingeloggt ist. Ist der Nutzer bei einem dieser sozialen Netzwerke eingeloggt, kann der Diensteanbieter den Besuch der Seite dem Profil des Nutzers bei diesem sozialen Netzwerk zuordnen. Verwendet der Nutzer das Plug-in, z.B. durch Anklicken des &#8222;Gef\u00e4llt mir&#8221;- oder &#8222;Teilen&#8221;-Buttons, werden die entsprechenden Informationen direkt an den Server des jeweiligen Dienstanbieters \u00fcbermittelt und dort gespeichert. Diese Informationen k\u00f6nnen in dem jeweiligen sozialen Netzwerk ver\u00f6ffentlicht werden und sind f\u00fcr diejenigen sichtbar, die als Kontakt hinzugef\u00fcgt wurden. Zweck und Umfang der Datenerhebung und die weitere Verarbeitung und Nutzung der Daten ist in den<br>Datenschutzhinweisen der Dienstanbieter beschrieben. Nutzer haben das Recht, sich an den Dienstanbieter zu wenden und ihre&nbsp; Privatsph\u00e4re durch entsprechende Einstellungen in ihrem Browser zu sch\u00fctzen, z.B. durch Blockieren von Skripten mit &#8222;NoScript&#8221;. Wenn der Nutzer nicht m\u00f6chte, dass die sozialen Netzwerke die bei einem Besuch der Website erhobenen Daten mit seinem Profil auf der jeweiligen Website verkn\u00fcpfen, sollte er sich vor dem Besuch der Website bei dieser ausloggen.\n<br><br><\/li>\n<li><strong>Unsere Kontaktinformationen und Ihre Rechte<br><\/strong>Sie haben das Recht, unentgeltlich Auskunft \u00fcber Ihre bei uns gespeicherten personenbezogenen Daten zu erhalten und diese Daten zu berichtigen, ihre Verarbeitung einzuschr\u00e4nken, sie zu l\u00f6schen oder zu \u00fcbertragen. Wenn Sie Fragen haben oder Ihre Daten berichtigen, sperren oder l\u00f6schen lassen m\u00f6chten, Ihre Einwilligung widerrufen oder der Verwendung bestimmter Daten widersprechen wollen, wenden Sie sich bitte an den f\u00fcr die Verarbeitung Verantwortlichen. Sie haben auch das Recht, eine Beschwerde bei der zust\u00e4ndigen Aufsichtsbeh\u00f6rde einzureichen. Wenn wir Ihre personenbezogenen Daten zur Wahrung unserer berechtigten Interessen verarbeiten, k\u00f6nnen Sie dieser Verarbeitung mit Wirkung f\u00fcr die Zukunft widersprechen, wenn Sie dies aufgrund Ihrer besonderen Situation begr\u00fcnden k\u00f6nnen. Erfolgt die Verarbeitung zu Zwecken der Direktwerbung, k\u00f6nnen Sie jederzeit Widerspruch einlegen. In anderen F\u00e4llen k\u00f6nnen Sie nur unter Berufung auf Ihre besondere Situation widersprechen.<br>Sobald Sie Widerspruch eingelegt haben, werden wir Ihre personenbezogenen Daten nicht mehr verarbeiten, es sei denn, wir k\u00f6nnen zwingende schutzw\u00fcrdige Gr\u00fcnde f\u00fcr die Verarbeitung nachweisen, die Ihre Interessen und Rechte \u00fcberwiegen, oder die Verarbeitung dient der Geltendmachung, Aus\u00fcbung oder Verteidigung von Rechtsanspr\u00fcchen. Erfolgt die Verarbeitung jedoch zu Zwecken des Direktmarketings, werden wir Ihre personenbezogenen Daten zu diesem Zweck nicht weiterverarbeiten.<\/li>\n<\/ol>\t\t\t\t\t\t<\/div>\n\t\t\t\t<\/div>\n\t\t\t\t\t<\/div>\n\t\t\t\t<\/div>\n\t\t\t\t\t\t\t<\/div>\n\t\t","protected":false},"excerpt":{"rendered":"<p>Datenschutzbestimmungen PRZEDSI\u0118BIORSTWO BUDTECH SP. Z O.O. RODO &#8211; Verordnung&nbsp;In diesem Dokument informieren wir Sie ausf\u00fchrlich \u00fcber den Umgang mit Ihren personenbezogenen Daten. Als f\u00fcr die Verarbeitung Ihrer personenbezogenen Daten Verantwortlicher wenden wir angemessene Regeln und Sicherheitsma\u00dfnahmen gem\u00e4\u00df den Anforderungen des in Polen geltenden Rechts an. Der f\u00fcr die Verarbeitung Ihrer Daten Verantwortliche ist: &nbsp; PRZEDSI\u0118BIORSTWOBUDTECH [&hellip;]<\/p>\n","protected":false},"author":1,"featured_media":0,"parent":0,"menu_order":0,"comment_status":"closed","ping_status":"closed","template":"","meta":[],"_links":{"self":[{"href":"https:\/\/budtech.eu\/index.php\/wp-json\/wp\/v2\/pages\/1972"}],"collection":[{"href":"https:\/\/budtech.eu\/index.php\/wp-json\/wp\/v2\/pages"}],"about":[{"href":"https:\/\/budtech.eu\/index.php\/wp-json\/wp\/v2\/types\/page"}],"author":[{"embeddable":true,"href":"https:\/\/budtech.eu\/index.php\/wp-json\/wp\/v2\/users\/1"}],"replies":[{"embeddable":true,"href":"https:\/\/budtech.eu\/index.php\/wp-json\/wp\/v2\/comments?post=1972"}],"version-history":[{"count":7,"href":"https:\/\/budtech.eu\/index.php\/wp-json\/wp\/v2\/pages\/1972\/revisions"}],"predecessor-version":[{"id":1980,"href":"https:\/\/budtech.eu\/index.php\/wp-json\/wp\/v2\/pages\/1972\/revisions\/1980"}],"wp:attachment":[{"href":"https:\/\/budtech.eu\/index.php\/wp-json\/wp\/v2\/media?parent=1972"}],"curies":[{"name":"wp","href":"https:\/\/api.w.org\/{rel}","templated":true}]}}